{"id":2,"date":"2025-05-02T13:54:29","date_gmt":"2025-05-02T11:54:29","guid":{"rendered":"https:\/\/2025.vam-wine.ch\/?page_id=2"},"modified":"2025-09-03T18:53:14","modified_gmt":"2025-09-03T16:53:14","slug":"accueil","status":"publish","type":"page","link":"https:\/\/vam-wine.ch\/de_ch\/","title":{"rendered":"Startseite"},"content":{"rendered":"<div style=\"height:210px\" aria-hidden=\"true\" class=\"wp-block-spacer\"><\/div>\n\n\n\n<h2 class=\"wp-block-heading has-text-align-center fw-normal fs-1 has-huge-font-size\">SPEZIALISTEN<br>VIN D'ALSACE<\/h2>\n\n\n\n<div style=\"height:377px\" aria-hidden=\"true\" class=\"wp-block-spacer\"><\/div>\n\n\n\n<p class=\"has-text-align-center fs-2 has-huge-font-size\">Unsere Signaturprodukte<\/p>\n\n\n\n<div style=\"height:66px\" aria-hidden=\"true\" class=\"wp-block-spacer\"><\/div>\n\n\n<div class=\"products-overview products-signature\">    <div class=\"product\">\r\n        <img loading=\"lazy\" decoding=\"async\" width=\"980\" height=\"414\" src=\"https:\/\/vam-wine.ch\/wp-content\/uploads\/2025\/05\/Branding-05-1500w-1-1024x433.png\" class=\"attachment-large size-large\" alt=\"VAM Wine\" srcset=\"https:\/\/vam-wine.ch\/wp-content\/uploads\/2025\/05\/Branding-05-1500w-1-1024x433.png 1024w, https:\/\/vam-wine.ch\/wp-content\/uploads\/2025\/05\/Branding-05-1500w-1-300x127.png 300w, https:\/\/vam-wine.ch\/wp-content\/uploads\/2025\/05\/Branding-05-1500w-1-768x325.png 768w, https:\/\/vam-wine.ch\/wp-content\/uploads\/2025\/05\/Branding-05-1500w-1-18x8.png 18w, https:\/\/vam-wine.ch\/wp-content\/uploads\/2025\/05\/Branding-05-1500w-1-416x176.png 416w, https:\/\/vam-wine.ch\/wp-content\/uploads\/2025\/05\/Branding-05-1500w-1.png 1361w\" sizes=\"auto, (max-width: 980px) 100vw, 980px\" \/>        <h3 class=\"card-title fw-normal\">Cr\u00e9mant d&#039;Alsace<\/h3>\r\n            <\/div>\r\n        <div class=\"product\">\r\n        <img loading=\"lazy\" decoding=\"async\" width=\"980\" height=\"980\" src=\"https:\/\/vam-wine.ch\/wp-content\/uploads\/2025\/05\/VAM7808_1x1-1024x1024.png\" class=\"attachment-large size-large\" alt=\"Alsace Riesling\" srcset=\"https:\/\/vam-wine.ch\/wp-content\/uploads\/2025\/05\/VAM7808_1x1-1024x1024.png 1024w, https:\/\/vam-wine.ch\/wp-content\/uploads\/2025\/05\/VAM7808_1x1-300x300.png 300w, https:\/\/vam-wine.ch\/wp-content\/uploads\/2025\/05\/VAM7808_1x1-150x150.png 150w, https:\/\/vam-wine.ch\/wp-content\/uploads\/2025\/05\/VAM7808_1x1-768x768.png 768w, https:\/\/vam-wine.ch\/wp-content\/uploads\/2025\/05\/VAM7808_1x1-12x12.png 12w, https:\/\/vam-wine.ch\/wp-content\/uploads\/2025\/05\/VAM7808_1x1-324x324.png 324w, https:\/\/vam-wine.ch\/wp-content\/uploads\/2025\/05\/VAM7808_1x1-416x416.png 416w, https:\/\/vam-wine.ch\/wp-content\/uploads\/2025\/05\/VAM7808_1x1-100x100.png 100w, https:\/\/vam-wine.ch\/wp-content\/uploads\/2025\/05\/VAM7808_1x1.png 1500w\" sizes=\"auto, (max-width: 980px) 100vw, 980px\" \/>        <h3 class=\"card-title fw-normal\">Elsass Riesling 2018<\/h3>\r\n                    <div class=\"product-degustation\">\r\n                <div class=\"product-title\">\r\n                    <div>D\u00e9gustation:<\/div><span class=\"dropdown-icon\"><svg xmlns=\"http:\/\/www.w3.org\/2000\/svg\" fill=\"currentColor\" viewbox=\"0 0 16 16\">\r\n                            <path fill-rule=\"evenodd\" d=\"M1.646 4.646a.5.5 0 0 1 .708 0L8 10.293l5.646-5.647a.5.5 0 0 1 .708.708l-6 6a.5.5 0 0 1-.708 0l-6-6a.5.5 0 0 1 0-.708\" \/>\r\n                        <\/svg><\/span>\r\n                <\/div>\r\n                <div class=\"product-content\"> Eine der Star-Rebsorten des Elsass ist der Riesling, der f\u00fcr seine gro\u00dfe K\u00e4ltebest\u00e4ndigkeit bekannt und ideal f\u00fcr einbKlima im Nordosten Frankreichs ist. Man sch\u00e4tzt die blumigen und fruchtigen Noten, die dieser Jahrgang offenbart und die von einer reichen aromatischen Komplexit\u00e4t zeugen.<\/div>\r\n            <\/div>\r\n            <\/div>\r\n        <div class=\"product\">\r\n        <img loading=\"lazy\" decoding=\"async\" width=\"980\" height=\"980\" src=\"https:\/\/vam-wine.ch\/wp-content\/uploads\/2025\/05\/VAM7810_1x1-1024x1024.png\" class=\"attachment-large size-large\" alt=\"Alsace Pinot Noir 2011\" srcset=\"https:\/\/vam-wine.ch\/wp-content\/uploads\/2025\/05\/VAM7810_1x1-1024x1024.png 1024w, https:\/\/vam-wine.ch\/wp-content\/uploads\/2025\/05\/VAM7810_1x1-300x300.png 300w, https:\/\/vam-wine.ch\/wp-content\/uploads\/2025\/05\/VAM7810_1x1-150x150.png 150w, https:\/\/vam-wine.ch\/wp-content\/uploads\/2025\/05\/VAM7810_1x1-768x768.png 768w, https:\/\/vam-wine.ch\/wp-content\/uploads\/2025\/05\/VAM7810_1x1-12x12.png 12w, https:\/\/vam-wine.ch\/wp-content\/uploads\/2025\/05\/VAM7810_1x1-324x324.png 324w, https:\/\/vam-wine.ch\/wp-content\/uploads\/2025\/05\/VAM7810_1x1-416x416.png 416w, https:\/\/vam-wine.ch\/wp-content\/uploads\/2025\/05\/VAM7810_1x1-100x100.png 100w, https:\/\/vam-wine.ch\/wp-content\/uploads\/2025\/05\/VAM7810_1x1.png 1500w\" sizes=\"auto, (max-width: 980px) 100vw, 980px\" \/>        <h3 class=\"card-title fw-normal\">Elsass Pinot Noir 2011<\/h3>\r\n                    <div class=\"product-degustation\">\r\n                <div class=\"product-title\">\r\n                    <div>D\u00e9gustation:<\/div><span class=\"dropdown-icon\"><svg xmlns=\"http:\/\/www.w3.org\/2000\/svg\" fill=\"currentColor\" viewbox=\"0 0 16 16\">\r\n                            <path fill-rule=\"evenodd\" d=\"M1.646 4.646a.5.5 0 0 1 .708 0L8 10.293l5.646-5.647a.5.5 0 0 1 .708.708l-6 6a.5.5 0 0 1-.708 0l-6-6a.5.5 0 0 1 0-.708\" \/>\r\n                        <\/svg><\/span>\r\n                <\/div>\r\n                <div class=\"product-content\"> Ein Wein, der mit gro\u00dfer Feinheit Aromen von Kirschen, getrockneten Bl\u00fcten und Kiefern herausarbeitet. Am Gaumen bleibt er dennoch charaktervoll, da die Tannine eine sch\u00f6ne L\u00e4nge unterstreichen.<\/div>\r\n            <\/div>\r\n            <\/div>\r\n    <\/div>\n\n\n\n<div style=\"height:116px\" aria-hidden=\"true\" class=\"wp-block-spacer\"><\/div>\n\n\n\n<div class=\"wp-block-buttons is-content-justification-center is-layout-flex wp-container-core-buttons-is-layout-a89b3969 wp-block-buttons-is-layout-flex\">\n<div class=\"wp-block-button btn-dark\"><a class=\"wp-block-button__link has-white-color has-black-background-color has-text-color has-background has-link-color has-text-align-center wp-element-button\" href=\"https:\/\/vam-wine.ch\/de_ch\/boutique\/\">Erkunden Sie unser Sortiment<\/a><\/div>\n<\/div>","protected":false},"excerpt":{"rendered":"<p>SPECIALISTESVIN D\u2019ALSACE Nos produits signatures<\/p>","protected":false},"author":1,"featured_media":0,"parent":0,"menu_order":1,"comment_status":"closed","ping_status":"closed","template":"","meta":{"footnotes":""},"class_list":["post-2","page","type-page","status-publish","hentry"],"yoast_head":"<!-- This site is optimized with the Yoast SEO plugin v27.3 - https:\/\/yoast.com\/product\/yoast-seo-wordpress\/ -->\n<title>Accueil - VAM Wine<\/title>\n<meta name=\"robots\" content=\"index, follow, max-snippet:-1, max-image-preview:large, max-video-preview:-1\" \/>\n<link rel=\"canonical\" href=\"https:\/\/vam-wine.ch\/de_ch\/\" \/>\n<meta property=\"og:locale\" content=\"de_DE\" \/>\n<meta property=\"og:type\" content=\"article\" \/>\n<meta property=\"og:title\" content=\"Accueil - VAM Wine\" \/>\n<meta property=\"og:description\" content=\"SPECIALISTESVIN D\u2019ALSACE Nos produits signatures\" \/>\n<meta property=\"og:url\" content=\"https:\/\/vam-wine.ch\/de_ch\/\" \/>\n<meta property=\"og:site_name\" content=\"VAM Wine\" \/>\n<meta property=\"article:modified_time\" content=\"2025-09-03T16:53:14+00:00\" \/>\n<meta name=\"twitter:card\" content=\"summary_large_image\" \/>\n<meta name=\"twitter:label1\" content=\"Gesch\u00e4tzte Lesezeit\" \/>\n\t<meta name=\"twitter:data1\" content=\"1\u00a0Minute\" \/>\n<script type=\"application\/ld+json\" class=\"yoast-schema-graph\">{\"@context\":\"https:\\\/\\\/schema.org\",\"@graph\":[{\"@type\":\"WebPage\",\"@id\":\"https:\\\/\\\/vam-wine.ch\\\/\",\"url\":\"https:\\\/\\\/vam-wine.ch\\\/\",\"name\":\"Accueil - VAM Wine\",\"isPartOf\":{\"@id\":\"https:\\\/\\\/vam-wine.ch\\\/#website\"},\"datePublished\":\"2025-05-02T11:54:29+00:00\",\"dateModified\":\"2025-09-03T16:53:14+00:00\",\"breadcrumb\":{\"@id\":\"https:\\\/\\\/vam-wine.ch\\\/#breadcrumb\"},\"inLanguage\":\"de-CH\",\"potentialAction\":[{\"@type\":\"ReadAction\",\"target\":[\"https:\\\/\\\/vam-wine.ch\\\/\"]}]},{\"@type\":\"BreadcrumbList\",\"@id\":\"https:\\\/\\\/vam-wine.ch\\\/#breadcrumb\",\"itemListElement\":[{\"@type\":\"ListItem\",\"position\":1,\"name\":\"Accueil\",\"item\":\"https:\\\/\\\/vam-wine.ch\\\/\"},{\"@type\":\"ListItem\",\"position\":2,\"name\":\"Accueil\"}]},{\"@type\":\"WebSite\",\"@id\":\"https:\\\/\\\/vam-wine.ch\\\/#website\",\"url\":\"https:\\\/\\\/vam-wine.ch\\\/\",\"name\":\"VAM Wine\",\"description\":\"SPECIALISTES VIN D\u2019ALSACE\",\"publisher\":{\"@id\":\"https:\\\/\\\/vam-wine.ch\\\/#organization\"},\"potentialAction\":[{\"@type\":\"SearchAction\",\"target\":{\"@type\":\"EntryPoint\",\"urlTemplate\":\"https:\\\/\\\/vam-wine.ch\\\/?s={search_term_string}\"},\"query-input\":{\"@type\":\"PropertyValueSpecification\",\"valueRequired\":true,\"valueName\":\"search_term_string\"}}],\"inLanguage\":\"de-CH\"},{\"@type\":\"Organization\",\"@id\":\"https:\\\/\\\/vam-wine.ch\\\/#organization\",\"name\":\"VAM Wine\",\"url\":\"https:\\\/\\\/vam-wine.ch\\\/\",\"logo\":{\"@type\":\"ImageObject\",\"inLanguage\":\"de-CH\",\"@id\":\"https:\\\/\\\/vam-wine.ch\\\/#\\\/schema\\\/logo\\\/image\\\/\",\"url\":\"https:\\\/\\\/vam-wine.ch\\\/wp-content\\\/uploads\\\/2025\\\/05\\\/Branding-05-1500w-1.png\",\"contentUrl\":\"https:\\\/\\\/vam-wine.ch\\\/wp-content\\\/uploads\\\/2025\\\/05\\\/Branding-05-1500w-1.png\",\"width\":1361,\"height\":576,\"caption\":\"VAM Wine\"},\"image\":{\"@id\":\"https:\\\/\\\/vam-wine.ch\\\/#\\\/schema\\\/logo\\\/image\\\/\"}}]}<\/script>\n<!-- \/ Yoast SEO plugin. -->","yoast_head_json":{"title":"Accueil - VAM Wine","robots":{"index":"index","follow":"follow","max-snippet":"max-snippet:-1","max-image-preview":"max-image-preview:large","max-video-preview":"max-video-preview:-1"},"canonical":"https:\/\/vam-wine.ch\/de_ch\/","og_locale":"de_DE","og_type":"article","og_title":"Accueil - VAM Wine","og_description":"SPECIALISTESVIN D\u2019ALSACE Nos produits signatures","og_url":"https:\/\/vam-wine.ch\/de_ch\/","og_site_name":"VAM Wine","article_modified_time":"2025-09-03T16:53:14+00:00","twitter_card":"summary_large_image","twitter_misc":{"Gesch\u00e4tzte Lesezeit":"1\u00a0Minute"},"schema":{"@context":"https:\/\/schema.org","@graph":[{"@type":"WebPage","@id":"https:\/\/vam-wine.ch\/","url":"https:\/\/vam-wine.ch\/","name":"Accueil - VAM Wine","isPartOf":{"@id":"https:\/\/vam-wine.ch\/#website"},"datePublished":"2025-05-02T11:54:29+00:00","dateModified":"2025-09-03T16:53:14+00:00","breadcrumb":{"@id":"https:\/\/vam-wine.ch\/#breadcrumb"},"inLanguage":"de-CH","potentialAction":[{"@type":"ReadAction","target":["https:\/\/vam-wine.ch\/"]}]},{"@type":"BreadcrumbList","@id":"https:\/\/vam-wine.ch\/#breadcrumb","itemListElement":[{"@type":"ListItem","position":1,"name":"Accueil","item":"https:\/\/vam-wine.ch\/"},{"@type":"ListItem","position":2,"name":"Accueil"}]},{"@type":"WebSite","@id":"https:\/\/vam-wine.ch\/#website","url":"https:\/\/vam-wine.ch\/","name":"VAM Wine","description":"SPEZIALISTEN VIN D'ALSACE","publisher":{"@id":"https:\/\/vam-wine.ch\/#organization"},"potentialAction":[{"@type":"SearchAction","target":{"@type":"EntryPoint","urlTemplate":"https:\/\/vam-wine.ch\/?s={search_term_string}"},"query-input":{"@type":"PropertyValueSpecification","valueRequired":true,"valueName":"search_term_string"}}],"inLanguage":"de-CH"},{"@type":"Organization","@id":"https:\/\/vam-wine.ch\/#organization","name":"VAM Wine","url":"https:\/\/vam-wine.ch\/","logo":{"@type":"ImageObject","inLanguage":"de-CH","@id":"https:\/\/vam-wine.ch\/#\/schema\/logo\/image\/","url":"https:\/\/vam-wine.ch\/wp-content\/uploads\/2025\/05\/Branding-05-1500w-1.png","contentUrl":"https:\/\/vam-wine.ch\/wp-content\/uploads\/2025\/05\/Branding-05-1500w-1.png","width":1361,"height":576,"caption":"VAM Wine"},"image":{"@id":"https:\/\/vam-wine.ch\/#\/schema\/logo\/image\/"}}]}},"_links":{"self":[{"href":"https:\/\/vam-wine.ch\/de_ch\/wp-json\/wp\/v2\/pages\/2","targetHints":{"allow":["GET"]}}],"collection":[{"href":"https:\/\/vam-wine.ch\/de_ch\/wp-json\/wp\/v2\/pages"}],"about":[{"href":"https:\/\/vam-wine.ch\/de_ch\/wp-json\/wp\/v2\/types\/page"}],"author":[{"embeddable":true,"href":"https:\/\/vam-wine.ch\/de_ch\/wp-json\/wp\/v2\/users\/1"}],"replies":[{"embeddable":true,"href":"https:\/\/vam-wine.ch\/de_ch\/wp-json\/wp\/v2\/comments?post=2"}],"version-history":[{"count":26,"href":"https:\/\/vam-wine.ch\/de_ch\/wp-json\/wp\/v2\/pages\/2\/revisions"}],"predecessor-version":[{"id":182,"href":"https:\/\/vam-wine.ch\/de_ch\/wp-json\/wp\/v2\/pages\/2\/revisions\/182"}],"wp:attachment":[{"href":"https:\/\/vam-wine.ch\/de_ch\/wp-json\/wp\/v2\/media?parent=2"}],"curies":[{"name":"wp","href":"https:\/\/api.w.org\/{rel}","templated":true}]}}